{"id":2,"date":"2026-02-21T10:06:14","date_gmt":"2026-02-21T10:06:14","guid":{"rendered":"http:\/\/nitridebondedsic.com\/?page_id=2"},"modified":"2026-02-21T10:06:14","modified_gmt":"2026-02-21T10:06:14","slug":"synissida","status":"publish","type":"page","link":"https:\/\/nitridebondedsic.com\/is\/synissida\/","title":{"rendered":"S\u00fdniss\u00ed\u00f0a"},"content":{"rendered":"<p>\u00deetta er d\u00e6mis\u00ed\u00f0a. H\u00fan er \u00f6\u00f0ruv\u00edsi en bloggf\u00e6rsla \u00fev\u00ed h\u00fan mun vera kyrrst\u00e6\u00f0 \u00e1 einum sta\u00f0 og birtast \u00ed valmynd s\u00ed\u00f0unnar (\u00ed flestum \u00feemum). Flestir byrja \u00e1 \"Um mig\"-s\u00ed\u00f0u sem kynnir \u00fe\u00e1 fyrir hugsanlegum gestum s\u00ed\u00f0unnar. H\u00fan g\u00e6ti veri\u00f0 svona:<\/p>\n\n\n\n<blockquote class=\"wp-block-quote is-layout-flow wp-block-quote-is-layout-flow\">\n\n<p>Hall\u00f3! \u00c9g er hj\u00f3laskjalda \u00e1 daginn, leikaralei\u00f0s\u00f6gn um n\u00e6tur, og \u00feetta er vefs\u00ed\u00f0an m\u00edn. \u00c9g b\u00fd \u00ed Los Angeles, \u00e1 fr\u00e1b\u00e6ran hund sem heitir Jack, og m\u00e9r finnst gott a\u00f0 f\u00e1 m\u00e9r pi\u00f1a colada. (Og a\u00f0 ver\u00f0a blautur \u00ed rigningu.)<\/p>\n\n<\/blockquote>\n\n\n\n<p>\u2026e\u00f0a eitthva\u00f0 svipa\u00f0 \u00feessu:<\/p>\n\n\n\n<blockquote class=\"wp-block-quote is-layout-flow wp-block-quote-is-layout-flow\">\n\n<p>Fyrirt\u00e6ki\u00f0 XYZ Doohickey var stofna\u00f0 \u00e1ri\u00f0 1971 og hefur s\u00ed\u00f0an \u00fe\u00e1 veitt almenningi g\u00e6\u00f0adoohickeys. XYZ er sta\u00f0sett \u00ed Gotham-borg, hefur yfir 2.000 starfsmenn og gerir alls konar fr\u00e1b\u00e6rar hluti fyrir samf\u00e9lag Gotham.<\/p>\n\n<\/blockquote>\n\n\n\n<p>Sem n\u00fdr WordPress-notandi \u00e6ttir \u00fe\u00fa a\u00f0 fara \u00e1 <a href=\"http:\/\/nitridebondedsic.com\/wp-admin\/\">m\u00e6labor\u00f0i\u00f0 \u00feitt<\/a> til a\u00f0 ey\u00f0a \u00feessari s\u00ed\u00f0u og b\u00faa til n\u00fdjar s\u00ed\u00f0ur fyrir efni\u00f0 \u00feitt. Skemmtu \u00fe\u00e9r!<\/p>","protected":false},"excerpt":{"rendered":"<p>This is an example page. It&#8217;s different from a blog post because it will stay in one place and will show up in your site navigation (in most themes). Most people start with an About page that introduces them to potential site visitors. It might say something like this: Hi there! I&#8217;m a bike messenger [&hellip;]<\/p>\n","protected":false},"author":1,"featured_media":0,"parent":0,"menu_order":0,"comment_status":"closed","ping_status":"open","template":"","meta":{"footnotes":""},"class_list":["post-2","page","type-page","status-publish","hentry"],"aioseo_notices":[],"_links":{"self":[{"href":"https:\/\/nitridebondedsic.com\/is\/wp-json\/wp\/v2\/pages\/2","targetHints":{"allow":["GET"]}}],"collection":[{"href":"https:\/\/nitridebondedsic.com\/is\/wp-json\/wp\/v2\/pages"}],"about":[{"href":"https:\/\/nitridebondedsic.com\/is\/wp-json\/wp\/v2\/types\/page"}],"author":[{"embeddable":true,"href":"https:\/\/nitridebondedsic.com\/is\/wp-json\/wp\/v2\/users\/1"}],"replies":[{"embeddable":true,"href":"https:\/\/nitridebondedsic.com\/is\/wp-json\/wp\/v2\/comments?post=2"}],"version-history":[{"count":0,"href":"https:\/\/nitridebondedsic.com\/is\/wp-json\/wp\/v2\/pages\/2\/revisions"}],"wp:attachment":[{"href":"https:\/\/nitridebondedsic.com\/is\/wp-json\/wp\/v2\/media?parent=2"}],"curies":[{"name":"vp","href":"https:\/\/api.w.org\/{rel}","templated":true}]}}