{"id":2,"date":"2026-02-21T10:06:14","date_gmt":"2026-02-21T10:06:14","guid":{"rendered":"http:\/\/nitridebondedsic.com\/?page_id=2"},"modified":"2026-02-21T10:06:14","modified_gmt":"2026-02-21T10:06:14","slug":"leathanach-samplach","status":"publish","type":"page","link":"https:\/\/nitridebondedsic.com\/ga\/leathanach-samplach\/","title":{"rendered":"Leathanach Samplach"},"content":{"rendered":"<p>Seo leathanach samplach. T\u00e1 s\u00e9 difri\u00fail \u00f3 bhlagmh\u00edr toisc go bhfanfaidh s\u00e9 in aon \u00e1it amh\u00e1in agus go dtaispe\u00e1nfar \u00e9 i nasclean\u00faint do shu\u00edmh (i bhformh\u00f3r na dt\u00e9ama\u00ed). Tosa\u00edonn formh\u00f3r na ndaoine le leathanach 'F\u00fam' a chuireann in aithne iad do chuairteoir\u00ed ionchasacha ar an su\u00edomh. D'fh\u00e9adfadh s\u00e9 a r\u00e1 rud \u00e9igin mar seo:<\/p>\n\n\n\n<blockquote class=\"wp-block-quote is-layout-flow wp-block-quote-is-layout-flow\">\n\n<p>Haigh! Is teachtaire rothair m\u00e9 i rith an lae, agus aisteoir uaillmhianach san o\u00edche, agus seo mo shu\u00edomh gr\u00e9as\u00e1in. T\u00e1 c\u00f3na\u00ed orm i Los Angeles, t\u00e1 madra iontach agam darbh ainm Jack, agus is maith liom pi\u00f1a coladas. (Agus a bheith b\u00e1ite san fhrasa.)<\/p>\n\n<\/blockquote>\n\n\n\n<p>\u2026n\u00f3 rud \u00e9igin mar seo:<\/p>\n\n\n\n<blockquote class=\"wp-block-quote is-layout-flow wp-block-quote-is-layout-flow\">\n\n<p>Buna\u00edodh an XYZ Doohickey Company sa bhliain 1971, agus t\u00e1 s\u00e9 ag sol\u00e1thar doohickeys ardchaighde\u00e1in don phobal \u00f3 shin i leith. Agus \u00e9 lonnaithe i nGotham City, fosta\u00edonn XYZ breis agus 2,000 duine agus d\u00e9anann s\u00e9 gach cine\u00e1l ruda\u00ed iontacha do phobal Gotham.<\/p>\n\n<\/blockquote>\n\n\n\n<p>Mar \u00fas\u00e1ideoir nua WordPress, ba cheart duit dul go <a href=\"http:\/\/nitridebondedsic.com\/wp-admin\/\">do phain\u00e9al uirlis\u00ed<\/a> Leis an leathanach seo a scriosadh agus leathanaigh nua a chruth\u00fa do d'\u00e1bhar. Bain sult as!<\/p>","protected":false},"excerpt":{"rendered":"<p>This is an example page. It&#8217;s different from a blog post because it will stay in one place and will show up in your site navigation (in most themes). Most people start with an About page that introduces them to potential site visitors. It might say something like this: Hi there! I&#8217;m a bike messenger [&hellip;]<\/p>\n","protected":false},"author":1,"featured_media":0,"parent":0,"menu_order":0,"comment_status":"closed","ping_status":"open","template":"","meta":{"footnotes":""},"class_list":["post-2","page","type-page","status-publish","hentry"],"aioseo_notices":[],"_links":{"self":[{"href":"https:\/\/nitridebondedsic.com\/ga\/wp-json\/wp\/v2\/pages\/2","targetHints":{"allow":["GET"]}}],"collection":[{"href":"https:\/\/nitridebondedsic.com\/ga\/wp-json\/wp\/v2\/pages"}],"about":[{"href":"https:\/\/nitridebondedsic.com\/ga\/wp-json\/wp\/v2\/types\/page"}],"author":[{"embeddable":true,"href":"https:\/\/nitridebondedsic.com\/ga\/wp-json\/wp\/v2\/users\/1"}],"replies":[{"embeddable":true,"href":"https:\/\/nitridebondedsic.com\/ga\/wp-json\/wp\/v2\/comments?post=2"}],"version-history":[{"count":0,"href":"https:\/\/nitridebondedsic.com\/ga\/wp-json\/wp\/v2\/pages\/2\/revisions"}],"wp:attachment":[{"href":"https:\/\/nitridebondedsic.com\/ga\/wp-json\/wp\/v2\/media?parent=2"}],"curies":[{"name":"wp","href":"https:\/\/api.w.org\/{rel}","templated":true}]}}